{"id":21,"date":"2023-10-18T16:29:31","date_gmt":"2023-10-18T14:29:31","guid":{"rendered":"https:\/\/ul-cgt-aubagne.fr\/?page_id=21"},"modified":"2024-06-30T17:23:23","modified_gmt":"2024-06-30T15:23:23","slug":"contact","status":"publish","type":"page","link":"https:\/\/ul-cgt-aubagne.fr\/index.php\/contact\/","title":{"rendered":"Contact"},"content":{"rendered":"\n<div class=\"wp-block-group alignfull has-global-padding is-layout-constrained wp-block-group-is-layout-constrained\">\n<div class=\"wp-block-columns alignfull are-vertically-aligned-center has-light-background-background-color has-background is-layout-flex wp-container-core-columns-is-layout-d7d455e7 wp-block-columns-is-layout-flex\" style=\"padding-top:0;padding-right:0;padding-bottom:0;padding-left:0\">\n<div class=\"wp-block-column is-vertically-aligned-center map-grayscale is-layout-flow wp-block-column-is-layout-flow\" style=\"flex-basis:50%\">\n<figure class=\"wp-block-image size-large\"><a href=\"https:\/\/www.google.com\/maps\/place\/Bourse+du+Travail\/@43.2901151,5.5699581,17.61z\/data=!4m6!3m5!1s0x12c9a3364d02642b:0x525927b93f8018f1!8m2!3d43.2902457!4d5.570281!16s%2Fg%2F11xf2mbc3?entry=ttu\"><img loading=\"lazy\" decoding=\"async\" width=\"1445\" height=\"812\" src=\"https:\/\/ul-cgt-aubagne.fr\/wp-content\/uploads\/2023\/10\/cgt-aubagne-map-edited.jpeg\" alt=\"\" class=\"wp-image-23\" srcset=\"https:\/\/ul-cgt-aubagne.fr\/wp-content\/uploads\/2023\/10\/cgt-aubagne-map-edited.jpeg 1445w, https:\/\/ul-cgt-aubagne.fr\/wp-content\/uploads\/2023\/10\/cgt-aubagne-map-edited-300x169.jpeg 300w, https:\/\/ul-cgt-aubagne.fr\/wp-content\/uploads\/2023\/10\/cgt-aubagne-map-edited-1024x575.jpeg 1024w, https:\/\/ul-cgt-aubagne.fr\/wp-content\/uploads\/2023\/10\/cgt-aubagne-map-edited-768x432.jpeg 768w\" sizes=\"auto, (max-width: 1445px) 100vw, 1445px\" \/><\/a><\/figure>\n\n\n\n<div style=\"height:100px\" aria-hidden=\"true\" class=\"wp-block-spacer\"><\/div>\n\n\n\n<div class=\"wp-block-columns is-layout-flex wp-container-core-columns-is-layout-28f84493 wp-block-columns-is-layout-flex\">\n<div class=\"wp-block-column is-layout-flow wp-block-column-is-layout-flow\" style=\"flex-basis:15%\">\n<figure class=\"wp-block-image size-full is-resized\"><img loading=\"lazy\" decoding=\"async\" width=\"189\" height=\"213\" src=\"https:\/\/ul-cgt-aubagne.fr\/wp-content\/uploads\/2024\/06\/usraubagne.png\" alt=\"\" class=\"wp-image-338\" style=\"width:73px\"\/><\/figure>\n<\/div>\n\n\n\n<div class=\"wp-block-column is-layout-flow wp-block-column-is-layout-flow\" style=\"flex-basis:80%\">\n<p>N&rsquo;h\u00e9sitez pas \u00e0 visiter \u00e9galement le site de l&rsquo;<a href=\"https:\/\/usraubagne.fr\/\" target=\"_blank\" rel=\"noreferrer noopener\">Union Syndicale des Retrait\u00e9s CGT Aubagne<\/a><\/p>\n<\/div>\n<\/div>\n<\/div>\n\n\n\n<div class=\"wp-block-column is-vertically-aligned-center is-layout-flow wp-block-column-is-layout-flow\" style=\"padding-top:var(--wp--preset--spacing--small);padding-right:var(--wp--preset--spacing--small);padding-bottom:var(--wp--preset--spacing--small);padding-left:2%;flex-basis:50%\">\n<h2 class=\"wp-block-heading has-max-48-font-size\">Union Locale CGT Aubagne<\/h2>\n\n\n\n<p><\/p>\n\n\n\n<h2 class=\"wp-block-heading\"><strong>Address<\/strong>e<\/h2>\n\n\n\n<p>Union Locale CGT Aubagne<br>Bourse du Travail<br>12 Cours Beaumond<br>13400 Aubagne<\/p>\n\n\n\n<h2 class=\"wp-block-heading\"><strong>Email<\/strong><\/h2>\n\n\n\n<p>cgt.ul.aubagne@gmail.com<\/p>\n\n\n\n<h2 class=\"wp-block-heading\"><strong>T\u00e9l\u00e9phone<\/strong><\/h2>\n\n\n\n<p>04 42 82 90 69<\/p>\n<\/div>\n<\/div>\n<\/div>\n\n\n\n<div class=\"wp-block-group has-global-padding is-layout-constrained wp-block-group-is-layout-constrained\">\n<div class=\"wp-block-group is-layout-flow wp-block-group-is-layout-flow\">\n<div style=\"height:45px\" aria-hidden=\"true\" class=\"wp-block-spacer\"><\/div>\n<\/div>\n<\/div>\n","protected":false},"excerpt":{"rendered":"<p>N&rsquo;h\u00e9sitez pas \u00e0 visiter \u00e9galement le site de l&rsquo;Union Syndicale des Retrait\u00e9s CGT Aubagne Union Locale CGT Aubagne Addresse Union Locale CGT AubagneBourse du Travail12 Cours Beaumond13400 Aubagne Email cgt.ul.aubagne@gmail.com T\u00e9l\u00e9phone 04 42 82 90 69<\/p>\n","protected":false},"author":1,"featured_media":0,"parent":0,"menu_order":0,"comment_status":"closed","ping_status":"closed","template":"","meta":{"inspiro_hide_title":false,"footnotes":""},"class_list":["post-21","page","type-page","status-publish","hentry"],"yoast_head":"<!-- This site is optimized with the Yoast SEO plugin v27.4 - https:\/\/yoast.com\/product\/yoast-seo-wordpress\/ -->\n<title>Contact - Union Locale CGT Aubagne<\/title>\n<meta name=\"robots\" content=\"index, follow, max-snippet:-1, max-image-preview:large, max-video-preview:-1\" \/>\n<link rel=\"canonical\" href=\"https:\/\/ul-cgt-aubagne.fr\/index.php\/contact\/\" \/>\n<meta property=\"og:locale\" content=\"fr_FR\" \/>\n<meta property=\"og:type\" content=\"article\" \/>\n<meta property=\"og:title\" content=\"Contact - Union Locale CGT Aubagne\" \/>\n<meta property=\"og:description\" content=\"N&rsquo;h\u00e9sitez pas \u00e0 visiter \u00e9galement le site de l&rsquo;Union Syndicale des Retrait\u00e9s CGT Aubagne Union Locale CGT Aubagne Addresse Union Locale CGT AubagneBourse du Travail12 Cours Beaumond13400 Aubagne Email cgt.ul.aubagne@gmail.com T\u00e9l\u00e9phone 04 42 82 90 69\" \/>\n<meta property=\"og:url\" content=\"https:\/\/ul-cgt-aubagne.fr\/index.php\/contact\/\" \/>\n<meta property=\"og:site_name\" content=\"Union Locale CGT Aubagne\" \/>\n<meta property=\"article:publisher\" content=\"https:\/\/www.facebook.com\/ULCGTAubagne\/\" \/>\n<meta property=\"article:modified_time\" content=\"2024-06-30T15:23:23+00:00\" \/>\n<meta property=\"og:image\" content=\"https:\/\/ul-cgt-aubagne.fr\/wp-content\/uploads\/2023\/10\/cgt-aubagne-map-edited.jpeg\" \/>\n<meta name=\"twitter:card\" content=\"summary_large_image\" \/>\n<script type=\"application\/ld+json\" class=\"yoast-schema-graph\">{\"@context\":\"https:\\\/\\\/schema.org\",\"@graph\":[{\"@type\":\"WebPage\",\"@id\":\"https:\\\/\\\/ul-cgt-aubagne.fr\\\/index.php\\\/contact\\\/\",\"url\":\"https:\\\/\\\/ul-cgt-aubagne.fr\\\/index.php\\\/contact\\\/\",\"name\":\"Contact - Union Locale CGT Aubagne\",\"isPartOf\":{\"@id\":\"https:\\\/\\\/ul-cgt-aubagne.fr\\\/#website\"},\"primaryImageOfPage\":{\"@id\":\"https:\\\/\\\/ul-cgt-aubagne.fr\\\/index.php\\\/contact\\\/#primaryimage\"},\"image\":{\"@id\":\"https:\\\/\\\/ul-cgt-aubagne.fr\\\/index.php\\\/contact\\\/#primaryimage\"},\"thumbnailUrl\":\"https:\\\/\\\/ul-cgt-aubagne.fr\\\/wp-content\\\/uploads\\\/2023\\\/10\\\/cgt-aubagne-map-edited.jpeg\",\"datePublished\":\"2023-10-18T14:29:31+00:00\",\"dateModified\":\"2024-06-30T15:23:23+00:00\",\"breadcrumb\":{\"@id\":\"https:\\\/\\\/ul-cgt-aubagne.fr\\\/index.php\\\/contact\\\/#breadcrumb\"},\"inLanguage\":\"fr-FR\",\"potentialAction\":[{\"@type\":\"ReadAction\",\"target\":[\"https:\\\/\\\/ul-cgt-aubagne.fr\\\/index.php\\\/contact\\\/\"]}]},{\"@type\":\"ImageObject\",\"inLanguage\":\"fr-FR\",\"@id\":\"https:\\\/\\\/ul-cgt-aubagne.fr\\\/index.php\\\/contact\\\/#primaryimage\",\"url\":\"https:\\\/\\\/ul-cgt-aubagne.fr\\\/wp-content\\\/uploads\\\/2023\\\/10\\\/cgt-aubagne-map-edited.jpeg\",\"contentUrl\":\"https:\\\/\\\/ul-cgt-aubagne.fr\\\/wp-content\\\/uploads\\\/2023\\\/10\\\/cgt-aubagne-map-edited.jpeg\",\"width\":1445,\"height\":812},{\"@type\":\"BreadcrumbList\",\"@id\":\"https:\\\/\\\/ul-cgt-aubagne.fr\\\/index.php\\\/contact\\\/#breadcrumb\",\"itemListElement\":[{\"@type\":\"ListItem\",\"position\":1,\"name\":\"Accueil\",\"item\":\"https:\\\/\\\/ul-cgt-aubagne.fr\\\/\"},{\"@type\":\"ListItem\",\"position\":2,\"name\":\"Contact\"}]},{\"@type\":\"WebSite\",\"@id\":\"https:\\\/\\\/ul-cgt-aubagne.fr\\\/#website\",\"url\":\"https:\\\/\\\/ul-cgt-aubagne.fr\\\/\",\"name\":\"Union Locale CGT Aubagne\",\"description\":\"La CGT d&#039;Aubagne et sa R\u00e9gion\",\"publisher\":{\"@id\":\"https:\\\/\\\/ul-cgt-aubagne.fr\\\/#organization\"},\"potentialAction\":[{\"@type\":\"SearchAction\",\"target\":{\"@type\":\"EntryPoint\",\"urlTemplate\":\"https:\\\/\\\/ul-cgt-aubagne.fr\\\/?s={search_term_string}\"},\"query-input\":{\"@type\":\"PropertyValueSpecification\",\"valueRequired\":true,\"valueName\":\"search_term_string\"}}],\"inLanguage\":\"fr-FR\"},{\"@type\":\"Organization\",\"@id\":\"https:\\\/\\\/ul-cgt-aubagne.fr\\\/#organization\",\"name\":\"Union Locale CGT Aubagne\",\"url\":\"https:\\\/\\\/ul-cgt-aubagne.fr\\\/\",\"logo\":{\"@type\":\"ImageObject\",\"inLanguage\":\"fr-FR\",\"@id\":\"https:\\\/\\\/ul-cgt-aubagne.fr\\\/#\\\/schema\\\/logo\\\/image\\\/\",\"url\":\"https:\\\/\\\/ul-cgt-aubagne.fr\\\/wp-content\\\/uploads\\\/2025\\\/09\\\/20250921_091219-scaled.jpg\",\"contentUrl\":\"https:\\\/\\\/ul-cgt-aubagne.fr\\\/wp-content\\\/uploads\\\/2025\\\/09\\\/20250921_091219-scaled.jpg\",\"width\":1941,\"height\":2560,\"caption\":\"Union Locale CGT Aubagne\"},\"image\":{\"@id\":\"https:\\\/\\\/ul-cgt-aubagne.fr\\\/#\\\/schema\\\/logo\\\/image\\\/\"},\"sameAs\":[\"https:\\\/\\\/www.facebook.com\\\/ULCGTAubagne\\\/\"]}]}<\/script>\n<!-- \/ Yoast SEO plugin. -->","yoast_head_json":{"title":"Contact - Union Locale CGT Aubagne","robots":{"index":"index","follow":"follow","max-snippet":"max-snippet:-1","max-image-preview":"max-image-preview:large","max-video-preview":"max-video-preview:-1"},"canonical":"https:\/\/ul-cgt-aubagne.fr\/index.php\/contact\/","og_locale":"fr_FR","og_type":"article","og_title":"Contact - Union Locale CGT Aubagne","og_description":"N&rsquo;h\u00e9sitez pas \u00e0 visiter \u00e9galement le site de l&rsquo;Union Syndicale des Retrait\u00e9s CGT Aubagne Union Locale CGT Aubagne Addresse Union Locale CGT AubagneBourse du Travail12 Cours Beaumond13400 Aubagne Email cgt.ul.aubagne@gmail.com T\u00e9l\u00e9phone 04 42 82 90 69","og_url":"https:\/\/ul-cgt-aubagne.fr\/index.php\/contact\/","og_site_name":"Union Locale CGT Aubagne","article_publisher":"https:\/\/www.facebook.com\/ULCGTAubagne\/","article_modified_time":"2024-06-30T15:23:23+00:00","og_image":[{"url":"https:\/\/ul-cgt-aubagne.fr\/wp-content\/uploads\/2023\/10\/cgt-aubagne-map-edited.jpeg","type":"","width":"","height":""}],"twitter_card":"summary_large_image","schema":{"@context":"https:\/\/schema.org","@graph":[{"@type":"WebPage","@id":"https:\/\/ul-cgt-aubagne.fr\/index.php\/contact\/","url":"https:\/\/ul-cgt-aubagne.fr\/index.php\/contact\/","name":"Contact - Union Locale CGT Aubagne","isPartOf":{"@id":"https:\/\/ul-cgt-aubagne.fr\/#website"},"primaryImageOfPage":{"@id":"https:\/\/ul-cgt-aubagne.fr\/index.php\/contact\/#primaryimage"},"image":{"@id":"https:\/\/ul-cgt-aubagne.fr\/index.php\/contact\/#primaryimage"},"thumbnailUrl":"https:\/\/ul-cgt-aubagne.fr\/wp-content\/uploads\/2023\/10\/cgt-aubagne-map-edited.jpeg","datePublished":"2023-10-18T14:29:31+00:00","dateModified":"2024-06-30T15:23:23+00:00","breadcrumb":{"@id":"https:\/\/ul-cgt-aubagne.fr\/index.php\/contact\/#breadcrumb"},"inLanguage":"fr-FR","potentialAction":[{"@type":"ReadAction","target":["https:\/\/ul-cgt-aubagne.fr\/index.php\/contact\/"]}]},{"@type":"ImageObject","inLanguage":"fr-FR","@id":"https:\/\/ul-cgt-aubagne.fr\/index.php\/contact\/#primaryimage","url":"https:\/\/ul-cgt-aubagne.fr\/wp-content\/uploads\/2023\/10\/cgt-aubagne-map-edited.jpeg","contentUrl":"https:\/\/ul-cgt-aubagne.fr\/wp-content\/uploads\/2023\/10\/cgt-aubagne-map-edited.jpeg","width":1445,"height":812},{"@type":"BreadcrumbList","@id":"https:\/\/ul-cgt-aubagne.fr\/index.php\/contact\/#breadcrumb","itemListElement":[{"@type":"ListItem","position":1,"name":"Accueil","item":"https:\/\/ul-cgt-aubagne.fr\/"},{"@type":"ListItem","position":2,"name":"Contact"}]},{"@type":"WebSite","@id":"https:\/\/ul-cgt-aubagne.fr\/#website","url":"https:\/\/ul-cgt-aubagne.fr\/","name":"Union Locale CGT Aubagne","description":"La CGT d&#039;Aubagne et sa R\u00e9gion","publisher":{"@id":"https:\/\/ul-cgt-aubagne.fr\/#organization"},"potentialAction":[{"@type":"SearchAction","target":{"@type":"EntryPoint","urlTemplate":"https:\/\/ul-cgt-aubagne.fr\/?s={search_term_string}"},"query-input":{"@type":"PropertyValueSpecification","valueRequired":true,"valueName":"search_term_string"}}],"inLanguage":"fr-FR"},{"@type":"Organization","@id":"https:\/\/ul-cgt-aubagne.fr\/#organization","name":"Union Locale CGT Aubagne","url":"https:\/\/ul-cgt-aubagne.fr\/","logo":{"@type":"ImageObject","inLanguage":"fr-FR","@id":"https:\/\/ul-cgt-aubagne.fr\/#\/schema\/logo\/image\/","url":"https:\/\/ul-cgt-aubagne.fr\/wp-content\/uploads\/2025\/09\/20250921_091219-scaled.jpg","contentUrl":"https:\/\/ul-cgt-aubagne.fr\/wp-content\/uploads\/2025\/09\/20250921_091219-scaled.jpg","width":1941,"height":2560,"caption":"Union Locale CGT Aubagne"},"image":{"@id":"https:\/\/ul-cgt-aubagne.fr\/#\/schema\/logo\/image\/"},"sameAs":["https:\/\/www.facebook.com\/ULCGTAubagne\/"]}]}},"_links":{"self":[{"href":"https:\/\/ul-cgt-aubagne.fr\/index.php\/wp-json\/wp\/v2\/pages\/21","targetHints":{"allow":["GET"]}}],"collection":[{"href":"https:\/\/ul-cgt-aubagne.fr\/index.php\/wp-json\/wp\/v2\/pages"}],"about":[{"href":"https:\/\/ul-cgt-aubagne.fr\/index.php\/wp-json\/wp\/v2\/types\/page"}],"author":[{"embeddable":true,"href":"https:\/\/ul-cgt-aubagne.fr\/index.php\/wp-json\/wp\/v2\/users\/1"}],"replies":[{"embeddable":true,"href":"https:\/\/ul-cgt-aubagne.fr\/index.php\/wp-json\/wp\/v2\/comments?post=21"}],"version-history":[{"count":6,"href":"https:\/\/ul-cgt-aubagne.fr\/index.php\/wp-json\/wp\/v2\/pages\/21\/revisions"}],"predecessor-version":[{"id":346,"href":"https:\/\/ul-cgt-aubagne.fr\/index.php\/wp-json\/wp\/v2\/pages\/21\/revisions\/346"}],"wp:attachment":[{"href":"https:\/\/ul-cgt-aubagne.fr\/index.php\/wp-json\/wp\/v2\/media?parent=21"}],"curies":[{"name":"wp","href":"https:\/\/api.w.org\/{rel}","templated":true}]}}